{"id":2,"date":"2011-11-25T17:15:22","date_gmt":"2011-11-25T17:15:22","guid":{"rendered":"http:\/\/www.visuellemeditation.de\/webdesign-businessplan\/?page_id=2"},"modified":"2018-03-19T13:34:34","modified_gmt":"2018-03-19T13:34:34","slug":"eine-seite","status":"publish","type":"page","link":"https:\/\/www.businessplan-webdesigner.de\/","title":{"rendered":"Businessplan Webdesign"},"content":{"rendered":"<p>&nbsp;<\/p>\n<p><img loading=\"lazy\" class=\"size-medium wp-image-23 alignright\" style=\"margin-right: 0px; margin-top: -70px;\" title=\"Webdesign Businessplan Vorlage\" src=\"http:\/\/www.visuellemeditation.de\/webdesign-businessplan\/wp-content\/uploads\/2011\/11\/schluessel-300x200.jpg\" alt=\"\" width=\"328\" height=\"217\" \/>Muster-Vorlage, mit deren Hilfe Sie einen Businessplan f\u00fcr Ihre zuk\u00fcnftige Firma im Bereich Webdesign erstellen k\u00f6nnen.<br \/>\n<a title=\"Businessplan Webdesigner PDF Vorlage Muster\" href=\"http:\/\/www.visuellemeditation.de\/webdesign-businessplan\/wp-content\/uploads\/2011\/11\/Vorschau_Businessplan_Medienproduktion_fuer_den_psychosozialen_Bereich.pdf\" target=\"_blank\"><br \/>\nVorschau Businessplan (PDF, Inhaltsverzeichnis und Zusammenfassung, kostenlos)<\/a><\/p>\n<p><a title=\"Businessplan Webdesigner Finanzen Vorschau\" href=\"http:\/\/www.visuellemeditation.de\/webdesign-businessplan\/wp-content\/uploads\/2011\/11\/Vorschau_Finanzen_medienproduktion_fuer_den_psychosozialen_Bereich.pdf\" target=\"_blank\">Vorschau Finanzen (PDF, Beispiel Liquidit\u00e4tsplan, kostenlos)<\/a><\/p>\n<p><a title=\"Businessplan Vorlage Download\" href=\"http:\/\/www.businessplan-webdesigner.de\/?page_id=41\">Download Businessplan (vollst\u00e4ndig)<\/a><\/p>\n<p>&nbsp;<\/p>\n<h2>Pragmatisch und unkompliziert: Muster-Beispiel als Vorlage<\/h2>\n<ul>\n<li>Keine theoretische Anleitung, sondern ein<strong> echter, konkreter Businessplan<\/strong>, der tats\u00e4chlich &#8222;im Einsatz&#8220; ist.<\/li>\n<\/ul>\n<ul>\n<li>Der Muster-Businessplan, den Sie hier downloaden k\u00f6nnen, wurde zur <strong>Vorlage bei der ARGE<\/strong> erstellt und f\u00fchrte dort zu erfolgreicher Anschubfinanzierung eines Unternehmens. Im Rahmen des Genehmigungsverfahrens musste der Businessplan zus\u00e4tzlich bei der <strong>KfW-Bank,<\/strong> bei der <strong>Industrie- und Handelskammer<\/strong> und bei der <strong>Bundesagentur f\u00fcr Arbeit<\/strong> vorgelegt werden. Er\u00a0 wurde an diesen Stellen ebenfalls bef\u00fcrwortet.<\/li>\n<\/ul>\n<ul>\n<li>Das Einzelunternehmen, das auf der Basis dieses Businessplans gegr\u00fcndet wurde, ist <strong>erfolgreich<\/strong> im Gesch\u00e4ft.<\/li>\n<\/ul>\n<ul>\n<li>Inkl. detaillierte Rechenbeispiele\u00a0 (Excel-Tabellen)\u00a0 <strong>z.B. f\u00fcr Rentabilit\u00e4t, Liquidit\u00e4t in den ersten 3 Jahren <\/strong>und geplante<strong> Investitionen<\/strong>.<\/li>\n<\/ul>\n<ul>\n<li>Download der<strong> Word- (.doc) und <\/strong><strong>Excel (.xls)-Vorlagen <\/strong>wird sofort nach erfolgreicher Zahlung per PayPal freigeschaltet.<\/li>\n<\/ul>\n<ul>\n<li>Keine aufw\u00e4ndigen und langen Recherchen &#8211; <strong>Sie k\u00f6nnen sofort loslegen<\/strong>, und das Musterbeispiel f\u00fcr Ihre individuelle Situation anpassen!<\/li>\n<\/ul>\n<p>&nbsp;<\/p>\n<p><a title=\"Businessplan Vorlage Download\" href=\"http:\/\/www.businessplan-webdesigner.de\/?page_id=41\">Download Businessplan (vollst\u00e4ndig)<\/a><\/p>\n<p>&nbsp;<\/p>\n","protected":false},"excerpt":{"rendered":"<p>&nbsp; Muster-Vorlage, mit deren Hilfe Sie einen Businessplan f\u00fcr Ihre zuk\u00fcnftige Firma im Bereich Webdesign erstellen k\u00f6nnen. Vorschau Businessplan (PDF, Inhaltsverzeichnis und Zusammenfassung, kostenlos) Vorschau Finanzen (PDF, Beispiel Liquidit\u00e4tsplan, kostenlos) Download Businessplan (vollst\u00e4ndig) &nbsp; Pragmatisch und unkompliziert: Muster-Beispiel als Vorlage Keine theoretische Anleitung, sondern ein echter, konkreter Businessplan, der tats\u00e4chlich &#8222;im Einsatz&#8220; ist. Der Muster-Businessplan, [&hellip;]<\/p>\n","protected":false},"author":1,"featured_media":0,"parent":0,"menu_order":0,"comment_status":"closed","ping_status":"closed","template":"","meta":[],"_links":{"self":[{"href":"https:\/\/www.businessplan-webdesigner.de\/index.php?rest_route=\/wp\/v2\/pages\/2"}],"collection":[{"href":"https:\/\/www.businessplan-webdesigner.de\/index.php?rest_route=\/wp\/v2\/pages"}],"about":[{"href":"https:\/\/www.businessplan-webdesigner.de\/index.php?rest_route=\/wp\/v2\/types\/page"}],"author":[{"embeddable":true,"href":"https:\/\/www.businessplan-webdesigner.de\/index.php?rest_route=\/wp\/v2\/users\/1"}],"replies":[{"embeddable":true,"href":"https:\/\/www.businessplan-webdesigner.de\/index.php?rest_route=%2Fwp%2Fv2%2Fcomments&post=2"}],"version-history":[{"count":83,"href":"https:\/\/www.businessplan-webdesigner.de\/index.php?rest_route=\/wp\/v2\/pages\/2\/revisions"}],"predecessor-version":[{"id":149,"href":"https:\/\/www.businessplan-webdesigner.de\/index.php?rest_route=\/wp\/v2\/pages\/2\/revisions\/149"}],"wp:attachment":[{"href":"https:\/\/www.businessplan-webdesigner.de\/index.php?rest_route=%2Fwp%2Fv2%2Fmedia&parent=2"}],"curies":[{"name":"wp","href":"https:\/\/api.w.org\/{rel}","templated":true}]}}