{"id":25,"date":"2011-11-25T18:42:40","date_gmt":"2011-11-25T18:42:40","guid":{"rendered":"http:\/\/www.visuellemeditation.de\/webdesign-businessplan\/?page_id=25"},"modified":"2018-05-13T16:47:46","modified_gmt":"2018-05-13T16:47:46","slug":"impressum","status":"publish","type":"page","link":"https:\/\/www.businessplan-webdesigner.de\/?page_id=25","title":{"rendered":"Impressum \/ AGB \/ Datenschutzerkl\u00e4rung"},"content":{"rendered":"<p style=\"text-align: left;\"><strong>IMPRESSUM<\/strong><\/p>\n<p style=\"text-align: left;\">\u00a0Verantwortlich f\u00fcr Gestaltung und Inhalt dieser Seiten im Sinne des Presserechts ist:<\/p>\n<p style=\"text-align: left;\" align=\"right\">Tony Hofmann<br \/>\nDipl.-Psych. (Abschluss Universit\u00e4t W\u00fcrzburg 2009)<br \/>\nDr. phil (Abschluss Universit\u00e4t W\u00fcrzburg, 2017)<br \/>\nWinterh\u00e4user Str 13<br \/>\n97199 Gossmannsdorf<br \/>\nTel. 09331 200 1508<\/p>\n<p style=\"text-align: left;\" align=\"right\">Kleinunternehmer nach \u00a7 19 Abs.1 UStG.<\/p>\n<p style=\"text-align: left;\">\u00a01. Inhalt des Onlineangebotes<\/p>\n<p>Tony Hofmann, nachstehend Anbieter genannt, \u00fcbernimmt keinerlei Gew\u00e4hr f\u00fcr die Aktualit\u00e4t, Korrektheit, Vollst\u00e4ndigkeit oder Qualit\u00e4t der bereitgestellten Informationen. Haftungsanspr\u00fcche gegen den Anbieter, welche sich auf Sch\u00e4den materieller oder ideeller Art beziehen, die durch die Nutzung oder Nichtnutzung der dargebotenen Informationen bzw. durch die Nutzung fehlerhafter und unvollst\u00e4ndiger Informationen verursacht wurden, sind grunds\u00e4tzlich ausgeschlossen, sofern seitens des Anbieters kein nachweislich vors\u00e4tzliches oder grob fahrl\u00e4ssiges Verschulden vorliegt.<br \/>\nAlle Angebote sind freibleibend und unverbindlich. Der Anbieter beh\u00e4lt es sich ausdr\u00fccklich vor, Teile der Seiten oder das gesamte Angebot ohne gesonderte Ank\u00fcndigung zu ver\u00e4ndern, zu erg\u00e4nzen, zu l\u00f6schen oder die Ver\u00f6ffentlichung zeitweise oder endg\u00fcltig einzustellen.<\/p>\n<p>2. Verweise und Links<\/p>\n<p>Bei direkten oder indirekten Verweisen auf fremde Internetseiten (&#8222;Links&#8220;), die au\u00dferhalb des Verantwortungsbereiches des Anbieters liegen, w\u00fcrde eine Haftungsverpflichtung ausschlie\u00dflich in dem Fall in Kraft treten, in dem der Anbieter von den Inhalten Kenntnis hat und es ihm technisch m\u00f6glich und zumutbar w\u00e4re, die Nutzung im Falle rechtswidriger Inhalte zu verhindern.<br \/>\nDer Anbieter erkl\u00e4rt hiermit ausdr\u00fccklich, dass zum Zeitpunkt der Linksetzung keine illegalen Inhalte auf den zu verlinkenden Seiten erkennbar waren. Auf die aktuelle und zuk\u00fcnftige Gestaltung, die Inhalte oder die Urheberschaft der gelinkten\/verkn\u00fcpften Seiten hat der Anbieter keinerlei Einfluss. Deshalb distanziert er sich hiermit ausdr\u00fccklich von allen Inhalten aller gelinkten \/verkn\u00fcpften Seiten, die nach der Linksetzung ver\u00e4ndert wurden. Diese Feststellung gilt f\u00fcr alle innerhalb des eigenen Internetangebotes gesetzten Links und Verweise. F\u00fcr Fremdeintr\u00e4ge in vom Anbieter eingerichteten G\u00e4steb\u00fcchern, Diskussionsforen und Mailinglisten, f\u00fcr illegale, fehlerhafte oder unvollst\u00e4ndige Inhalte und insbesondere f\u00fcr Sch\u00e4den, die aus der Nutzung oder Nichtnutzung solcherart dargebotener Informationen entstehen, haftet allein derjenige, der den jeweiligen Fremdeintrag verfasst hat bzw. der Anbieter der Seite, auf welche verwiesen wurde, nicht derjenige, der \u00fcber Links auf die jeweilige Ver\u00f6ffentlichung lediglich verweist.<\/p>\n<p>3. Urheber- und Kennzeichenrecht<\/p>\n<p>Der Anbieter ist bestrebt, in allen Publikationen die Urheberrechte der verwendeten Grafiken und Texte zu beachten, von ihm selbst erstellte Grafiken und Texte zu nutzen oder auf lizenzfreie Grafiken und Texte zur\u00fcckzugreifen.<br \/>\nAlle innerhalb des Internetangebotes genannten und ggf. durch Dritte gesch\u00fctzten Marken- und Warenzeichen unterliegen uneingeschr\u00e4nkt den Bestimmungen des jeweils g\u00fcltigen Kennzeichenrechts und den Besitzrechten der jeweiligen eingetragenen Eigent\u00fcmer. Allein aufgrund der blo\u00dfen Nennung ist nicht der Schlu\u00df zu ziehen, dass Markenzeichen nicht durch Rechte Dritter gesch\u00fctzt sind!<br \/>\nDas Copyright f\u00fcr ver\u00f6ffentlichte, vom Anbieter selbst erstellte Objekte bleibt allein beim Anbieter der Seiten bzw. den jeweiligen Urhebern. Eine Vervielf\u00e4ltigung oder Verwendung solcher Grafiken und Texte in anderen elektronischen oder gedruckten Publikationen ist ohne ausdr\u00fcckliche Zustimmung des Anbieters nicht gestattet.<\/p>\n<p><strong>Datenschutzerkl\u00e4rung<\/strong><br \/>\nDatenschutz<\/p>\n<p>Die Betreiber dieser Seiten nehmen den Schutz Ihrer pers\u00f6nlichen Daten sehr ernst. Wir behandeln Ihre personenbezogenen Daten vertraulich und entsprechend der gesetzlichen Datenschutzvorschriften sowie dieser Datenschutzerkl\u00e4rung.<\/p>\n<p>Die Nutzung unserer Website ist in der Regel ohne Angabe personenbezogener Daten m\u00f6glich. Soweit auf unseren Seiten personenbezogene Daten (beispielsweise Name, Anschrift oder E-Mail-Adressen) erhoben werden, erfolgt dies, soweit m\u00f6glich, stets auf freiwilliger Basis. Diese Daten werden ohne Ihre ausdr\u00fcckliche Zustimmung nicht an Dritte weitergegeben.<\/p>\n<p>Wir weisen darauf hin, dass die Daten\u00fcbertragung im Internet (z.B. bei der Kommunikation per E-Mail) Sicherheitsl\u00fccken aufweisen kann. Ein l\u00fcckenloser Schutz der Daten vor dem Zugriff durch Dritte ist nicht m\u00f6glich.<\/p>\n<p>Cookies<\/p>\n<p>Die Internetseiten verwenden teilweise so genannte Cookies. Cookies richten auf Ihrem<br \/>\nRechner keinen Schaden an und enthalten keine Viren. Cookies dienen dazu, unser Angebot<br \/>\nnutzerfreundlicher, effektiver und sicherer zu machen. Cookies sind kleine Textdateien, die auf Ihrem Rechner abgelegt werden und die Ihr Browser speichert.<\/p>\n<p>Die meisten der von uns verwendeten Cookies sind so genannte \u201eSession-Cookies\u201c. Sie werden nach Ende Ihres Besuchs automatisch gel\u00f6scht. Andere Cookies bleiben auf Ihrem Endger\u00e4t gespeichert, bis Sie diese l\u00f6schen. Diese Cookies erm\u00f6glichen es uns, Ihren Browser beim n\u00e4chsten Besuch wiederzuerkennen.<\/p>\n<p>Sie k\u00f6nnen Ihren Browser so einstellen, dass Sie \u00fcber das Setzen<br \/>\nvon Cookies informiert werden und Cookies nur im Einzelfall erlauben, die Annahme von Cookies f\u00fcr bestimmte F\u00e4lle oder generell ausschlie\u00dfen sowie das automatische L\u00f6schen der<br \/>\nCookies beim Schlie\u00dfen des Browser aktivieren. Bei der Deaktivierung von Cookies kann die<br \/>\nFunktionalit\u00e4t dieser Website eingeschr\u00e4nkt sein.<\/p>\n<p>Server-Log-Files<\/p>\n<p>Der Provider der Seiten erhebt und speichert automatisch Informationen in so genannten<br \/>\nServer-Log Files, die Ihr Browser automatisch an uns \u00fcbermittelt. Dies sind:<\/p>\n<p>Browsertyp und Browserversion<br \/>\nverwendetes Betriebssystem<br \/>\nReferrer URL<br \/>\nHostname des zugreifenden Rechners<br \/>\nUhrzeit der Serveranfrage<\/p>\n<p>Diese Daten sind nicht bestimmten Personen zuordenbar. Eine Zusammenf\u00fchrung dieser Daten mit anderen Datenquellen wird nicht vorgenommen. Wir behalten uns vor, diese Daten nachtr\u00e4glich zu pr\u00fcfen, wenn uns konkrete Anhaltspunkte f\u00fcr eine rechtswidrige Nutzung bekannt werden.<\/p>\n<p>Kontaktformular<\/p>\n<p>Wenn Sie uns per Kontaktformular Anfragen zukommen lassen, werden Ihre Angaben aus dem Anfrageformular inklusive der von Ihnen dort angegebenen Kontaktdaten zwecks Bearbeitung der Anfrage und f\u00fcr den Fall von Anschlussfragen bei uns gespeichert. Diese Daten geben wir nicht ohne Ihre Einwilligung weiter.<\/p>\n<p>Google Analytics<\/p>\n<p>Diese Website nutzt Funktionen des Webanalysedienstes Google Analytics. Anbieter<br \/>\nist die Google Inc., 1600 Amphitheatre Parkway Mountain View, CA 94043, USA.<\/p>\n<p>Google Analytics verwendet so genannte \u00bbCookies\u00ab. Das sind Textdateien, die auf Ihrem Computer gespeichert werden und die eine Analyse der Benutzung der Website durch Sie erm\u00f6glichen. Die durch den Cookie erzeugten Informationen \u00fcber Ihre Benutzung dieser Website werden in der Regel an einen Server von Google in den USA \u00fcbertragen und dort gespeichert.<\/p>\n<p>IPAnonymisierung<\/p>\n<p>Wir haben auf dieser Website die Funktion IP-Anonymisierung aktiviert. Dadurch wird Ihre IP-Adresse von Google innerhalb von Mitgliedstaaten der Europ\u00e4ischen Union oder in anderen Vertragsstaaten des Abkommens \u00fcber den Europ\u00e4ischen Wirtschaftsraum vor der \u00dcbermittlung in die USA gek\u00fcrzt. Nur in Ausnahmef\u00e4llen wird die volle IP-Adresse an einen Server von Google in den USA \u00fcbertragen und dort gek\u00fcrzt. Im Auftrag des Betreibers dieser Website wird Google diese Informationen benutzen, um Ihre Nutzung der Website auszuwerten, um Reports \u00fcber die Websiteaktivit\u00e4ten zusammenzustellen und um weitere mit der Websitenutzung und der Internetnutzung verbundene Dienstleistungen gegen\u00fcber dem Websitebetreiber zu erbringen. Die im Rahmen von Google Analytics von Ihrem Browser \u00fcbermittelte IP-Adresse wird nicht mit anderen Daten von Google zusammengef\u00fchrt.<\/p>\n<p>Browser Plugin<\/p>\n<p>Sie k\u00f6nnen die Speicherung der Cookies durch eine entsprechende Einstellung Ihrer Browser-Software verhindern; wir weisen Sie jedoch darauf hin, dass Sie in diesem Fall gegebenenfalls nicht s\u00e4mtliche Funktionen dieser Website vollumf\u00e4nglich werden nutzen k\u00f6nnen. Sie k\u00f6nnen dar\u00fcber hinaus die Erfassung der durch den Cookie erzeugten und auf Ihre Nutzung der Website bezogenen Daten (inkl. Ihrer IP-Adresse) an Google sowie die Verarbeitung dieser Daten durch Google verhindern, indem Sie das unter dem folgenden Link verf\u00fcgbare Browser-Plugin herunterladen und installieren:<br \/>\nhttps:\/\/tools.google.com\/dlpage\/gaoptout?hl=de<\/p>\n<p>Widerspruch gegen Datenerfassung<\/p>\n<p>Sie k\u00f6nnen die Erfassung Ihrer Daten durch Google Analytics verhindern, indem Sie auf folgenden Link klicken. Es wird ein Opt-Out-Cookie gesetzt, der die Erfassung Ihrer Daten bei zuk\u00fcnftigen Besuchen dieser Website verhindert:<br \/>\nGoogle Analytics deaktivieren<\/p>\n<p>Mehr Informationen zum Umgang mit Nutzerdaten bei Google Analytics finden Sie in der Datenschutzerkl\u00e4rung von Google:<br \/>\nhttps:\/\/support.google.com\/analytics\/answer\/6004245?hl=de<\/p>\n<p>&nbsp;<\/p>\n<p>Auftragsdatenverarbeitung<\/p>\n<p>Wir haben mit Google einen Vertrag zur Auftragsdatenverarbeitung abgeschlossen und setzen die strengen Vorgaben der deutschen Datenschutzbeh\u00f6rden bei der Nutzung von Google Analytics vollst\u00e4ndig um.<\/p>\n<p>&nbsp;<\/p>\n<p>Demografische Merkmale bei Google Analytics<\/p>\n<p>Diese Website nutzt die Funktion \u201cdemografische Merkmale\u201d von Google Analytics. Dadurch k\u00f6nnen Berichte erstellt werden, die Aussagen zu Alter, Geschlecht und Interessen der Seitenbesucher enthalten. Diese Daten stammen aus interessenbezogener Werbung von Google sowie aus Besucherdaten von Drittanbietern. Diese Daten k\u00f6nnen keiner bestimmten Person zugeordnet werden. Sie k\u00f6nnen diese Funktion jederzeit \u00fcber die Anzeigeneinstellungen in Ihrem Google-Konto deaktivieren oder die Erfassung Ihrer Daten durch Google Analytics wie im Punkt \u201cWiderspruch gegen Datenerfassung\u201d dargestellt generell untersagen.<\/p>\n<p>YouTube<\/p>\n<p>Unsere Website nutzt Plugins der von Google betriebenen Seite YouTube. Betreiber der Seiten ist die YouTube, LLC, 901 Cherry Ave., San Bruno, CA 94066, USA. Wenn Sie eine unserer mit einem YouTube-Plugin ausgestatteten Seiten besuchen, wird eine Verbindung zu den Servern von YouTube hergestellt. Dabei wird dem Youtube-Server mitgeteilt, welche unserer Seiten Sie besucht haben.<\/p>\n<p>Wenn Sie in Ihrem YouTube-Account eingeloggt sind erm\u00f6glichen Sie YouTube, Ihr Surfverhalten direkt Ihrem pers\u00f6nlichen Profil zuzuordnen. Dies k\u00f6nnen Sie verhindern, indem Sie sich aus Ihrem YouTube-Account ausloggen.<\/p>\n<p>Weitere Informationen zum Umgang von Nutzerdaten finden Sie in<br \/>\nder Datenschutzerkl\u00e4rung von YouTube unter:<br \/>\nhttps:\/\/www.google.de\/intl\/de\/policies\/privacy<\/p>\n<p>Kommentarfunktion auf dieser Website<\/p>\n<p>F\u00fcr die Kommentarfunktion auf dieser Seite werden neben Ihrem Kommentar auch Angaben zum Zeitpunkt der Erstellung des Kommentars, Ihre E-Mail-Adresse und, wenn Sie nicht anonym posten, der von Ihnen gew\u00e4hlte Nutzername gespeichert.<\/p>\n<p>Speicherung der IP Adresse<\/p>\n<p>Unsere Kommentarfunktion speichert die IP-Adressen der Nutzer, die Kommentare verfassen. Da wir Kommentare auf unserer Seite nicht vor der Freischaltung pr\u00fcfen, ben\u00f6tigen wir diese Daten, um im Falle von Rechtsverletzungen wie Beleidigungen oder Propaganda gegen den Verfasser vorgehen zu k\u00f6nnen.<\/p>\n<p>Abonnieren von Kommentaren<\/p>\n<p>Als Nutzer der Seite k\u00f6nnen Sie nach einer Anmeldung Kommentare abonnieren. Sie erhalten eine Best\u00e4tigungsemail, um zu pr\u00fcfen, ob Sie der Inhaber der angegebenen E-Mail-Adresse sind. Sie k\u00f6nnen diese Funktion jederzeit \u00fcber einen Link in den Info-Mails abbestellen.<\/p>\n<p>Recht auf Auskunft, L\u00f6schung, Sperrung<\/p>\n<p>Sie haben jederzeit das Recht auf unentgeltliche Auskunft \u00fcber Ihre gespeicherten personenbezogenen Daten, deren Herkunft und Empf\u00e4nger und den Zweck der Datenverarbeitung sowie ein Recht auf Berichtigung, Sperrung oder L\u00f6schung dieser Daten. Hierzu sowie zu weiteren Fragen zum Thema personenbezogene Daten k\u00f6nnen Sie sich jederzeit unter der im Impressum angegebenen Adresse an uns wenden.<\/p>\n<p>Widerspruch Werbe-Mails<\/p>\n<p>Der Nutzung von im Rahmen der Impressumspflicht ver\u00f6ffentlichten Kontaktdaten<br \/>\nzur \u00dcbersendung von nicht ausdr\u00fccklich angeforderter Werbung und Informationsmaterialien<br \/>\nwird hiermit widersprochen. Die Betreiber der Seiten behalten sich ausdr\u00fccklich rechtliche Schritte im Falle der unverlangten Zusendung von Werbeinformationen, etwa durch Spam-E-Mails, vor.<\/p>\n<p>Quelle: e-recht24.de<\/p>\n<p>&nbsp;<\/p>\n<p style=\"text-align: left;\">Sofern Teile oder einzelne Formulierungen dieses Textes der geltenden Rechtslage nicht, nicht mehr oder nicht vollst\u00e4ndig entsprechen sollten, bleiben die \u00fcbrigen Teile des Dokumentes in ihrem Inhalt und ihrer G\u00fcltigkeit davon unber\u00fchrt.<\/p>\n<p>Foto &#8222;Schl\u00fcssel\u00fcbergabe&#8220;<br \/>\n\u00a9 fotodesign-jegg.de &#8211; Fotolia.com<\/p>\n<p>&nbsp;<\/p>\n<p><strong>AGB<\/strong><\/p>\n<p>Allgemeine Gesch\u00e4ftsbedingungen und Widerrufsbelehrung gem. \u00a7\u00a7 312d, 355 BGB<\/p>\n<p>\u00a7 1 Allgemeines<\/p>\n<p>1. Tony Hofmann betreibt unter der URL http:\/\/www.businessplan-webdesigner.de eine Online Verkaufsplattform f\u00fcr Dateien. Als Betreiber und Inhaber dieser Plattform ist Tony Hofmann auch der Vertragspartner derjenigen juristischen und nat\u00fcrlichen Personen, die Waren \u00fcber diese Plattform beziehen wollen.<br \/>\n2. S\u00e4mtliche Vertragsbeziehungen zwischen Tony Hofmann und seinen Kunden unterliegen ausschlie\u00dflich den vorliegenden allgemeinen Gesch\u00e4ftsbedingungen. Abweichende Gesch\u00e4ftsbedingungen der Kunden finden keine Anwendung.<br \/>\n3. Der Kunde ist dazu verpflichtet, die im Bestellformular geforderten Angaben (Name, Anschrift etc.) wahrheitsgem\u00e4\u00df und vollst\u00e4ndig zu machen. Aus der Falschheit derartiger Angaben resultierende Sch\u00e4den hat der Kunde zu ersetzen.<br \/>\n4. Sollte eine der Klauseln dieser Gesch\u00e4ftsbedingungen unwirksam sein oder werden, so wird die Wirksamkeit der \u00fcbrigen Klauseln dadurch nicht ber\u00fchrt.<\/p>\n<p>\u00a7 2 Vertragsschluss<\/p>\n<p>1. Die von Tony Hofmann gelisteten Dateienstellen kein Verkaufsangebot dar, sondern lediglich eine Aufforderung an den Kunden, selbst einen Kaufantrag abzugeben (invitatio ad offerendum). Kaufantr\u00e4ge k\u00f6nnen mittels der durch die von Tony Hofmann via PayPal zur Verf\u00fcgung gestellten Bestellformulare online abgegeben werden.<br \/>\n2. Der Antrag des Kunden gilt durch unmittelbare Lieferung, d.h. Download der Ware als angenommen.<br \/>\n3. Der Vertragstext wird von Tony Hofmann nicht gesondert gespeichert. Die AGB in der jeweils aktuellen Version k\u00f6nnen auf www.businessplan-webdesigner.de abgerufen und heruntergeladen werden.<br \/>\n4. Kaufantr\u00e4ge des Kunden werden nur zu den jeweils aktuellen Preisen und Konditionen angenommen.<br \/>\n5. Tony Hofmann \u00fcbernimmt keine Garantie daf\u00fcr, dass alle auf der website angebotenen Produkte jederzeit lieferbar sind. Sollten ein oder mehrere Produkte nicht lieferbar sein, so wird Tony Hofmann seine Kunden hier\u00fcber schnellstm\u00f6glich informieren. Sollte der Kunde die Ware bereits bezahlt haben, so wird ihm der entsprechende Betrag von Tony Hofmann unverz\u00fcglich zur\u00fcckerstattet.<\/p>\n<p>\u00a7 3 Widerrufsrecht<\/p>\n<p>1. Wir bieten unseren Kunden innerhalb der EU das Recht, den Kaufvertrag innerhalb von 30 Tagen ab Erhalt der Ware zu widerrufen. Zur Wahrung dieser Frist gen\u00fcgt die rechtzeitige Absendung des Widerrufs.<br \/>\n2. Den Widerruf k\u00f6nnen Sie schriftlich oder auf einem anderen dauerhaften Datentr\u00e4ger, per E-Mail oder durch einfache R\u00fccksendung der Ware erkl\u00e4ren. Der Widerruf ist an folgende Anschrift zu richten:<\/p>\n<p>Tony Hofmann<br \/>\nWinterh\u00e4user Str. 13<br \/>\n97199 Gossmannsdorf<br \/>\nEmail: mail[ @t ] tonyhofmann.de<\/p>\n<p>&#8222;[ @t ]&#8220; bitte ersetzen durch &#8222;@&#8220;<\/p>\n<p>3. Durch den rechtzeitigen Widerruf sind Sie nicht mehr an den Vertrag mit Tony Hofmanngebunden. Tony Hofmann erstattet Ihnen den schon gezahlten Kaufpreis zur\u00fcck. Sie sind lediglich zur R\u00fccksendung der Ware verpflichtet.<br \/>\n4. Die Kosten der R\u00fccksendung gehen zu Lasten des Kunden, wenn der Preis der zur\u00fcckzusendenden Ware den Betrag von Euro 40,- nicht \u00fcbersteigt oder wenn bei einem h\u00f6heren Preis die Ware zum Zeitpunkt des Widerrufs noch nicht bezahlt wurde. Falls der Preis der zur\u00fcckzusendenden Ware den Betrag von Euro 40,- \u00fcbersteigt und die Ware zum Zeitpunkt des Widerrufs bereits bezahlt wurde, erstattet Tony Hofmann die Kosten der R\u00fccksendung nach Wareneingang per Bank\u00fcberweisung zur\u00fcck. Schicken Sie R\u00fccksendungen immer ausreichend frankiert an obenstehende Adresse. Nur dann k\u00f6nnen Ihre Artikel zur\u00fcckgenommen werden.<br \/>\n5. Artikel, die per Download geliefert werden (z.B. Dateien), und Artikel, die entsiegelt wurden (z.B. CDs), k\u00f6nnen nicht zur\u00fcck genommen werden.<\/p>\n<p>\u00a7 4 Gew\u00e4hrleistung<\/p>\n<p>1. Tony Hofmann \u00fcbernimmt keine Gew\u00e4hr f\u00fcr geringf\u00fcgige Abweichungen der gelieferten Ware von der Gelisteten. Derartige Abweichungen berechtigen nicht zur M\u00e4ngelr\u00fcge.<br \/>\n2. Fehllieferungen und offensichtliche M\u00e4ngel sind durch den Kunden innerhalb von zwei Wochen nach Anlieferung der Ware zu r\u00fcgen.<br \/>\n3. Sollten Gew\u00e4hrleistungsanspr\u00fcche bestehen, so sind diese innerhalb eines Jahres geltend zu machen. Die Verj\u00e4hrungsfrist beginnt an dem Tag, an dem dem Kunden die Ware zur Verf\u00fcgung gestellt wurde.<\/p>\n<p>\u00a7 5 Urheberrecht<\/p>\n<p>Die von Tony Hofmann vertriebenen Produkte sind weltweit urheberrechtlich gesch\u00fctzt. Der Kunde ist nicht berechtigt, die Ware von Tony Hofmannselbst oder durch Dritte herzustellen, zu vervielf\u00e4ltigen oder zu vertreiben.<\/p>\n<p>\u00a7 6 Eigentumsvorbehalt<\/p>\n<p>1. Gelieferte Ware bleibt bis zu ihrer vollst\u00e4ndigen Bezahlung im Eigentum von Tony Hofmann.<br \/>\n2. Ver\u00e4u\u00dfert der Kunde Eigentumsvorbehaltsware von Tony Hofmann, so hat er den Eigentumsvorbehalt weiterzuleiten.<br \/>\n3. Zugriffe Dritter auf Eigentumsvorbehaltsware von Tony Hofmann hat der Kunde unverz\u00fcglich zu melden.<br \/>\n4. Verpf\u00e4ndungen, Sicherungs\u00fcbereignungen u.\u00e4. der Eigentumsvorbehaltsware sind nur mit vorheriger Zustimmung von Tony Hofmann zul\u00e4ssig.<br \/>\n5. Leistet der Kunde bei vertragswidrigem Verhalten, insbesondere Zahlungsverzug, nach Mahnung nicht sofort Zahlung, so hat er die Eigentumsvorbehaltsware von Tony Hofmann herauszugeben. Die R\u00fccknahmekosten tr\u00e4gt der Kunde.<\/p>\n<p>\u00a7 7 Zahlung<\/p>\n<p>Bei Vorliegen eines wichtigen Grundes ist Tony Hofmann berechtigt, als Zahlungsart Vorauskasse zu verlangen.<\/p>\n<p>\u00a7 8 Datenschutz<\/p>\n<p>Der Kunde ist \u00fcber Art, Umfang, Ort und Zweck der Erhebung, Verarbeitung und Nutzung der f\u00fcr die Ausf\u00fchrung von Bestellungen erforderlichen personenbezogenen Daten durch Tony Hofmann\u00a0 unterrichtet worden (siehe oben &#8222;Impressum&#8220; und &#8222;Datenschutzerkl\u00e4rung&#8220;). Der Kunde stimmt dieser Erhebung, Verarbeitung und Nutzung personenbezogener Daten ausdr\u00fccklich zu.<\/p>\n<p>\u00a7 9 Erf\u00fcllungsort, Gerichtsstand<\/p>\n<p>Erf\u00fcllungsort und Gerichtsstand ist W\u00fcrzburg, Deutschland.<\/p>\n","protected":false},"excerpt":{"rendered":"<p>IMPRESSUM \u00a0Verantwortlich f\u00fcr Gestaltung und Inhalt dieser Seiten im Sinne des Presserechts ist: Tony Hofmann Dipl.-Psych. (Abschluss Universit\u00e4t W\u00fcrzburg 2009) Dr. phil (Abschluss Universit\u00e4t W\u00fcrzburg, 2017) Winterh\u00e4user Str 13 97199 Gossmannsdorf Tel. 09331 200 1508 Kleinunternehmer nach \u00a7 19 Abs.1 UStG. \u00a01. Inhalt des Onlineangebotes Tony Hofmann, nachstehend Anbieter genannt, \u00fcbernimmt keinerlei Gew\u00e4hr f\u00fcr die [&hellip;]<\/p>\n","protected":false},"author":1,"featured_media":0,"parent":0,"menu_order":0,"comment_status":"closed","ping_status":"open","template":"","meta":[],"_links":{"self":[{"href":"https:\/\/www.businessplan-webdesigner.de\/index.php?rest_route=\/wp\/v2\/pages\/25"}],"collection":[{"href":"https:\/\/www.businessplan-webdesigner.de\/index.php?rest_route=\/wp\/v2\/pages"}],"about":[{"href":"https:\/\/www.businessplan-webdesigner.de\/index.php?rest_route=\/wp\/v2\/types\/page"}],"author":[{"embeddable":true,"href":"https:\/\/www.businessplan-webdesigner.de\/index.php?rest_route=\/wp\/v2\/users\/1"}],"replies":[{"embeddable":true,"href":"https:\/\/www.businessplan-webdesigner.de\/index.php?rest_route=%2Fwp%2Fv2%2Fcomments&post=25"}],"version-history":[{"count":7,"href":"https:\/\/www.businessplan-webdesigner.de\/index.php?rest_route=\/wp\/v2\/pages\/25\/revisions"}],"predecessor-version":[{"id":137,"href":"https:\/\/www.businessplan-webdesigner.de\/index.php?rest_route=\/wp\/v2\/pages\/25\/revisions\/137"}],"wp:attachment":[{"href":"https:\/\/www.businessplan-webdesigner.de\/index.php?rest_route=%2Fwp%2Fv2%2Fmedia&parent=25"}],"curies":[{"name":"wp","href":"https:\/\/api.w.org\/{rel}","templated":true}]}}